                                                                                                                                                                                                                                                                                                                                                                                                                                                                                                                                                                                                                                                                                                                                                                                                                                                                                                                                                                                                                                                                                                                                                                                                                                                                                                                           {"id":3144,"date":"2025-02-19T06:12:33","date_gmt":"2025-02-19T09:12:33","guid":{"rendered":"https:\/\/leofraiman.com\/lp\/?page_id=3144"},"modified":"2025-02-19T09:41:01","modified_gmt":"2025-02-19T12:41:01","slug":"palestras-leo-fraiman","status":"publish","type":"page","link":"https:\/\/leofraiman.com\/lp\/palestras-leo-fraiman\/","title":{"rendered":"Form Palestras"},"content":{"rendered":"\t\t<div data-elementor-type=\"wp-page\" data-elementor-id=\"3144\" class=\"elementor elementor-3144\" data-elementor-post-type=\"page\">\n\t\t\t\t<div class=\"elementor-element elementor-element-65ed132 e-con-full e-flex e-con e-parent\" data-id=\"65ed132\" data-element_type=\"container\" data-settings=\"{&quot;background_background&quot;:&quot;classic&quot;}\" data-core-v316-plus=\"true\">\n\t\t\t\t<\/div>\n\t\t<div class=\"elementor-element elementor-element-a7c920c e-con-full e-flex e-con e-parent\" data-id=\"a7c920c\" data-element_type=\"container\" data-core-v316-plus=\"true\">\n\t\t\t\t<div class=\"elementor-element elementor-element-7ffc3bb elementor-widget elementor-widget-text-editor\" data-id=\"7ffc3bb\" data-element_type=\"widget\" data-widget_type=\"text-editor.default\">\n\t\t\t\t<div class=\"elementor-widget-container\">\n\t\t\t<style>\/*! elementor - v3.20.0 - 11-03-2024 *\/\n.elementor-widget-text-editor.elementor-drop-cap-view-stacked .elementor-drop-cap{background-color:#69727d;color:#fff}.elementor-widget-text-editor.elementor-drop-cap-view-framed .elementor-drop-cap{color:#69727d;border:3px solid;background-color:transparent}.elementor-widget-text-editor:not(.elementor-drop-cap-view-default) .elementor-drop-cap{margin-top:8px}.elementor-widget-text-editor:not(.elementor-drop-cap-view-default) .elementor-drop-cap-letter{width:1em;height:1em}.elementor-widget-text-editor .elementor-drop-cap{float:left;text-align:center;line-height:1;font-size:50px}.elementor-widget-text-editor .elementor-drop-cap-letter{display:inline-block}<\/style>\t\t\t\t<style>\n    .ff_conv_app_4 { background-color: #FFFFFF; }.ff_conv_app_4 .ffc-counter-div span { color: #0445AF; }.ff_conv_app_4 .ffc-counter-div .counter-icon-span svg { fill: #0445AF !important; }.ff_conv_app_4 .f-label-wrap, .ff_conv_app_4 .f-answer { color: #0445AF !important; }.ff_conv_app_4 .f-label-wrap .f-key { border-color: #0445AF !important; }.ff_conv_app_4 .f-label-wrap .f-key-hint { border-color: #0445AF !important; }.ff_conv_app_4 .f-answer .f-radios-wrap ul li { background-color: rgba(4,69,175, 0.1) !important; border: 1px solid #0445AF; }.ff_conv_app_4 .f-answer .f-radios-wrap ul li:focus { background-color: rgba(4,69,175, 0.3) !important }.ff_conv_app_4 .f-answer .f-radios-wrap ul li:hover { background-color: rgba(4,69,175, 0.3) !important }.ff_conv_app_4 .f-answer .f-radios-wrap ul li.f-selected .f-key { background-color: #0445AF !important; color: white; }.ff_conv_app_4 .f-answer .f-radios-wrap ul li.f-selected .f-key-hint { background-color: #0445AF; }.ff_conv_app_4 .f-answer .f-radios-wrap ul li.f-selected svg { fill: #0445AF !important; }.ff_conv_app_4 .f-answer input, .ff_conv_app_4 .f-answer textarea{ color: #0445AF !important; box-shadow: #0445AF 0px 1px; }.ff_conv_app_4 .f-answer input:focus, .ff_conv_app_4 .f-answer textarea:focus { box-shadow: #0445AF 0px 2px !important; }.ff_conv_app_4 .f-answer textarea::placeholder, .ff_conv_app_4 .f-answer input::placeholder { color: #0445AF !important; }.ff_conv_app_4 .text-success { color: #0445AF !important; }.ff_conv_app_4 .f-answer .f-matrix-table tbody td { background-color: rgba(4,69,175, 0.1); }.ff_conv_app_4 .f-answer .f-matrix-table input { border-color: rgba(4,69,175, 0.8); }.ff_conv_app_4 .f-answer .f-matrix-table input.f-radio-control:checked::after { background-color: #0445AF; }.ff_conv_app_4 .f-answer .f-matrix-table input:focus::before { border-color: #0445AF; }.ff_conv_app_4 .f-answer .f-matrix-table input.f-checkbox-control:checked { background-color: #0445AF; }.ff_conv_app_4 .f-answer .f-matrix-table tbody tr::after { border-right-color: #0445AF; }.ff_conv_app_4 .f-answer .f-matrix-table .f-table-cell.f-row-cell { box-shadow: rgba(4,69,175, 0.1) 0px 0px 0px 100vh inset; }.ff_conv_app_4 .f-answer .ff_file_upload_field_wrap { background-color: rgba(4,69,175, 0.1); border-color: rgba(4,69,175, 0.8); }.ff_conv_app_4 .f-answer .ff_file_upload_field_wrap:hover { background-color: rgba(4,69,175, 0.3);}.ff_conv_app_4 .f-answer .ff_file_upload_field_wrap:focus-within { background-color: rgba(4,69,175, 0.3); }.ff_conv_app_4 .f-answer .ff-upload-preview { border-color: rgba(4,69,175, 0.8); }.ff_conv_app_4 .f-answer .ff-upload-preview .ff-upload-thumb { background-color: rgba(4,69,175, 0.3); }.ff_conv_app_4 .f-answer .ff-upload-preview .ff-upload-details { border-left-color: rgba(4,69,175, 0.8); }.ff_conv_app_4 .f-answer .ff-upload-preview .ff-upload-details .ff-el-progress { border-left-color: rgba(4,69,175, 0.8); }.ff_conv_app_4 .f-answer .ff-upload-preview .ff-upload-details .ff-el-progress { background-color: rgba(4,69,175, 0.1); }.ff_conv_app_4 .f-answer .ff-upload-preview .ff-upload-details .ff-el-progress .ff-el-progress-bar { background-color: #0445AF; }.ff_conv_app_4 .f-answer .f-star-wrap .f-star-field-wrap::before { background-color: #0445AF; }.ff_conv_app_4 .f-answer .f-star-wrap .f-star-field-wrap .f-star-field .f-star-field-star .symbolOutline { fill: #0445AF; }.ff_conv_app_4 .f-answer .f-star-wrap .f-star-field-wrap .f-star-field .f-star-field-rating { color: #0445AF; }.ff_conv_app_4 .f-answer .f-star-wrap .f-star-field-wrap.is-hovered .symbolFill { fill: rgba(4,69,175, 0.1); }.ff_conv_app_4 .f-answer .f-star-wrap .f-star-field-wrap.is-selected .symbolFill { fill: #0445AF; }.ff_conv_app_4 .f-answer .f-payment-summary-wrap tbody td { background-color: rgba(4,69,175, 0.1); }.ff_conv_app_4 .f-answer .f-payment-summary-wrap tfoot th { background-color: rgba(4,69,175, 0.1); }.ff_conv_app_4 .f-answer .stripe-inline-holder { border-bottom: 1px solid #0445AF; }.ff_conv_app_4 .f-answer .StripeElement--focus { border-bottom: 2.5px solid #0445AF; }.ff_conv_app_4 .ff_conv_input .f-info { color: #0445AF; }.ff_conv_app_4 .f-answer .el-slider__runway {background-color: #0445AF;}.ff_conv_app_4 .fh2 .f-text { color: #191919; }.ff_conv_app_4 .fh2 .f-tagline, .ff_conv_app_4 .f-sub .f-help { color: rgba(25,25,25, 0.70); }.ff_conv_app_4 .fh2 .stripe-inline-header { color: #191919; }.ff_conv_app_4 .q-inner .o-btn-action, .ff_conv_app_4 .footer-inner-wrap .f-nav { background-color: #0445AF; }.ff_conv_app_4 .q-inner .o-btn-action span, .ff_conv_app_4 .footer-inner-wrap .f-nav a { color: #FFFFFF; } .ff_conv_app_4 .f-enter .f-enter-desc { color: #0445AF; }.ff_conv_app_4 .footer-inner-wrap .f-nav a svg { fill: #FFFFFF; }.ff_conv_app_4 .vff-footer .f-progress-bar { background-color: rgba(4,69,175, 0.3); }.ff_conv_app_4 .vff-footer .f-progress-bar-inner { background-color: #0445AF; }.ff_conv_app_4 .q-inner .o-btn-action:hover { background-color: #0445AFD6; }.ff_conv_app_4 .q-inner .o-btn-action:focus::after { border-radius: 6px; inset: -3px; box-shadow: #0445AF 0px 0px 0px 2px; }.ff_conv_app_4 .f-answer .f-radios-wrap ul li.f-selected .f-key { color: #FFFFFF; }.ff_conv_app_4 .footer-inner-wrap .f-nav a.ffc_power { display: none !important; }.ff_conv_app_4 .f-radios .f-key { display: flex !important; } .ff-btn-submit { background-color: #1a7efb; color: #ffffff; }<\/style>\n<div class=\"ffc_conv_wrapper ffc_inline_form\">\n    <div class=\"frm-fluent-form ff_conv_app fluent_form_4 ff_conv_app_frame ff_conv_app_4 ffc_media_hide_mob_no\" data-form_id=\"4\">\n        <div data-var_name=\"fluent_forms_global_var_1\" class=\"ffc_conv_form\" style=\"width: 100%\" id=\"ffc_app_instance_1\"><\/div>\n    <\/div>\n<\/div>\t\t\t\t\t\t<\/div>\n\t\t\t\t<\/div>\n\t\t\t\t<\/div>\n\t\t\t\t<\/div>\n\t\t","protected":false},"excerpt":{"rendered":"","protected":false},"author":1,"featured_media":0,"parent":0,"menu_order":0,"comment_status":"closed","ping_status":"closed","template":"elementor_canvas","meta":{"footnotes":""},"yoast_head":"<!-- This site is optimized with the Yoast SEO Premium plugin v22.7 (Yoast SEO v22.7) - https:\/\/yoast.com\/wordpress\/plugins\/seo\/ -->\n<title>Palestras Leo Fraiman<\/title>\n<meta name=\"description\" content=\"Ol\u00e1, \u00e9 uma alegria saber de seu interesse em minhas palestras. Para que minha equipe seja mais assertiva na elabora\u00e7\u00e3o e personaliza\u00e7\u00e3o de seu or\u00e7amento, pe\u00e7o a gentileza de preencher o formul\u00e1rio.\" \/>\n<meta name=\"robots\" content=\"index, follow, max-snippet:-1, max-image-preview:large, max-video-preview:-1\" \/>\n<link rel=\"canonical\" href=\"https:\/\/leofraiman.com\/lp\/palestras-leo-fraiman\/\" \/>\n<meta property=\"og:locale\" content=\"pt_BR\" \/>\n<meta property=\"og:type\" content=\"article\" \/>\n<meta property=\"og:title\" content=\"Palestras Leo Fraiman\" \/>\n<meta property=\"og:description\" content=\"Ol\u00e1, \u00e9 uma alegria saber de seu interesse em minhas palestras. Para que minha equipe seja mais assertiva na elabora\u00e7\u00e3o e personaliza\u00e7\u00e3o de seu or\u00e7amento, pe\u00e7o a gentileza de preencher o formul\u00e1rio.\" \/>\n<meta property=\"og:url\" content=\"https:\/\/leofraiman.com\/lp\/palestras-leo-fraiman\/\" \/>\n<meta property=\"og:site_name\" content=\"Leo Fraiman\" \/>\n<meta property=\"article:modified_time\" content=\"2025-02-19T12:41:01+00:00\" \/>\n<meta property=\"og:image\" content=\"https:\/\/leofraiman.com\/lp\/wp-content\/uploads\/2025\/02\/topo_formpalestras-mob.jpg\" \/>\n\t<meta property=\"og:image:width\" content=\"1090\" \/>\n\t<meta property=\"og:image:height\" content=\"506\" \/>\n\t<meta property=\"og:image:type\" content=\"image\/jpeg\" \/>\n<meta name=\"twitter:card\" content=\"summary_large_image\" \/>\n<meta name=\"twitter:title\" content=\"Palestras Leo Fraiman\" \/>\n<meta name=\"twitter:description\" content=\"Ol\u00e1, \u00e9 uma alegria saber de seu interesse em minhas palestras. Para que minha equipe seja mais assertiva na elabora\u00e7\u00e3o e personaliza\u00e7\u00e3o de seu or\u00e7amento, pe\u00e7o a gentileza de preencher o formul\u00e1rio.\" \/>\n<meta name=\"twitter:label1\" content=\"Est. tempo de leitura\" \/>\n\t<meta name=\"twitter:data1\" content=\"1 minuto\" \/>\n<script type=\"application\/ld+json\" class=\"yoast-schema-graph\">{\"@context\":\"https:\/\/schema.org\",\"@graph\":[{\"@type\":\"WebPage\",\"@id\":\"https:\/\/leofraiman.com\/lp\/palestras-leo-fraiman\/\",\"url\":\"https:\/\/leofraiman.com\/lp\/palestras-leo-fraiman\/\",\"name\":\"Palestras Leo Fraiman\",\"isPartOf\":{\"@id\":\"https:\/\/leofraiman.com\/lp\/#website\"},\"datePublished\":\"2025-02-19T09:12:33+00:00\",\"dateModified\":\"2025-02-19T12:41:01+00:00\",\"description\":\"Ol\u00e1, \u00e9 uma alegria saber de seu interesse em minhas palestras. Para que minha equipe seja mais assertiva na elabora\u00e7\u00e3o e personaliza\u00e7\u00e3o de seu or\u00e7amento, pe\u00e7o a gentileza de preencher o formul\u00e1rio.\",\"breadcrumb\":{\"@id\":\"https:\/\/leofraiman.com\/lp\/palestras-leo-fraiman\/#breadcrumb\"},\"inLanguage\":\"pt-BR\",\"potentialAction\":[{\"@type\":\"ReadAction\",\"target\":[\"https:\/\/leofraiman.com\/lp\/palestras-leo-fraiman\/\"]}]},{\"@type\":\"BreadcrumbList\",\"@id\":\"https:\/\/leofraiman.com\/lp\/palestras-leo-fraiman\/#breadcrumb\",\"itemListElement\":[{\"@type\":\"ListItem\",\"position\":1,\"name\":\"In\u00edcio\",\"item\":\"https:\/\/leofraiman.com\/lp\/\"},{\"@type\":\"ListItem\",\"position\":2,\"name\":\"Form Palestras\"}]},{\"@type\":\"WebSite\",\"@id\":\"https:\/\/leofraiman.com\/lp\/#website\",\"url\":\"https:\/\/leofraiman.com\/lp\/\",\"name\":\"Leo Fraiman\",\"description\":\"Leo Fraiman\",\"potentialAction\":[{\"@type\":\"SearchAction\",\"target\":{\"@type\":\"EntryPoint\",\"urlTemplate\":\"https:\/\/leofraiman.com\/lp\/?s={search_term_string}\"},\"query-input\":\"required name=search_term_string\"}],\"inLanguage\":\"pt-BR\"}]}<\/script>\n<!-- \/ Yoast SEO Premium plugin. -->","yoast_head_json":{"title":"Palestras Leo Fraiman","description":"Ol\u00e1, \u00e9 uma alegria saber de seu interesse em minhas palestras. Para que minha equipe seja mais assertiva na elabora\u00e7\u00e3o e personaliza\u00e7\u00e3o de seu or\u00e7amento, pe\u00e7o a gentileza de preencher o formul\u00e1rio.","robots":{"index":"index","follow":"follow","max-snippet":"max-snippet:-1","max-image-preview":"max-image-preview:large","max-video-preview":"max-video-preview:-1"},"canonical":"https:\/\/leofraiman.com\/lp\/palestras-leo-fraiman\/","og_locale":"pt_BR","og_type":"article","og_title":"Palestras Leo Fraiman","og_description":"Ol\u00e1, \u00e9 uma alegria saber de seu interesse em minhas palestras. Para que minha equipe seja mais assertiva na elabora\u00e7\u00e3o e personaliza\u00e7\u00e3o de seu or\u00e7amento, pe\u00e7o a gentileza de preencher o formul\u00e1rio.","og_url":"https:\/\/leofraiman.com\/lp\/palestras-leo-fraiman\/","og_site_name":"Leo Fraiman","article_modified_time":"2025-02-19T12:41:01+00:00","og_image":[{"width":1090,"height":506,"url":"https:\/\/leofraiman.com\/lp\/wp-content\/uploads\/2025\/02\/topo_formpalestras-mob.jpg","type":"image\/jpeg"}],"twitter_card":"summary_large_image","twitter_title":"Palestras Leo Fraiman","twitter_description":"Ol\u00e1, \u00e9 uma alegria saber de seu interesse em minhas palestras. Para que minha equipe seja mais assertiva na elabora\u00e7\u00e3o e personaliza\u00e7\u00e3o de seu or\u00e7amento, pe\u00e7o a gentileza de preencher o formul\u00e1rio.","twitter_misc":{"Est. tempo de leitura":"1 minuto"},"schema":{"@context":"https:\/\/schema.org","@graph":[{"@type":"WebPage","@id":"https:\/\/leofraiman.com\/lp\/palestras-leo-fraiman\/","url":"https:\/\/leofraiman.com\/lp\/palestras-leo-fraiman\/","name":"Palestras Leo Fraiman","isPartOf":{"@id":"https:\/\/leofraiman.com\/lp\/#website"},"datePublished":"2025-02-19T09:12:33+00:00","dateModified":"2025-02-19T12:41:01+00:00","description":"Ol\u00e1, \u00e9 uma alegria saber de seu interesse em minhas palestras. Para que minha equipe seja mais assertiva na elabora\u00e7\u00e3o e personaliza\u00e7\u00e3o de seu or\u00e7amento, pe\u00e7o a gentileza de preencher o formul\u00e1rio.","breadcrumb":{"@id":"https:\/\/leofraiman.com\/lp\/palestras-leo-fraiman\/#breadcrumb"},"inLanguage":"pt-BR","potentialAction":[{"@type":"ReadAction","target":["https:\/\/leofraiman.com\/lp\/palestras-leo-fraiman\/"]}]},{"@type":"BreadcrumbList","@id":"https:\/\/leofraiman.com\/lp\/palestras-leo-fraiman\/#breadcrumb","itemListElement":[{"@type":"ListItem","position":1,"name":"In\u00edcio","item":"https:\/\/leofraiman.com\/lp\/"},{"@type":"ListItem","position":2,"name":"Form Palestras"}]},{"@type":"WebSite","@id":"https:\/\/leofraiman.com\/lp\/#website","url":"https:\/\/leofraiman.com\/lp\/","name":"Leo Fraiman","description":"Leo Fraiman","potentialAction":[{"@type":"SearchAction","target":{"@type":"EntryPoint","urlTemplate":"https:\/\/leofraiman.com\/lp\/?s={search_term_string}"},"query-input":"required name=search_term_string"}],"inLanguage":"pt-BR"}]}},"_links":{"self":[{"href":"https:\/\/leofraiman.com\/lp\/wp-json\/wp\/v2\/pages\/3144"}],"collection":[{"href":"https:\/\/leofraiman.com\/lp\/wp-json\/wp\/v2\/pages"}],"about":[{"href":"https:\/\/leofraiman.com\/lp\/wp-json\/wp\/v2\/types\/page"}],"author":[{"embeddable":true,"href":"https:\/\/leofraiman.com\/lp\/wp-json\/wp\/v2\/users\/1"}],"replies":[{"embeddable":true,"href":"https:\/\/leofraiman.com\/lp\/wp-json\/wp\/v2\/comments?post=3144"}],"version-history":[{"count":33,"href":"https:\/\/leofraiman.com\/lp\/wp-json\/wp\/v2\/pages\/3144\/revisions"}],"predecessor-version":[{"id":3182,"href":"https:\/\/leofraiman.com\/lp\/wp-json\/wp\/v2\/pages\/3144\/revisions\/3182"}],"wp:attachment":[{"href":"https:\/\/leofraiman.com\/lp\/wp-json\/wp\/v2\/media?parent=3144"}],"curies":[{"name":"wp","href":"https:\/\/api.w.org\/{rel}","templated":true}]}}